{"id":62,"date":"2023-06-22T11:24:18","date_gmt":"2023-06-22T09:24:18","guid":{"rendered":"https:\/\/wordpress-classroom.com\/cynthia\/?post_type=product&#038;p=62"},"modified":"2023-06-22T12:20:24","modified_gmt":"2023-06-22T10:20:24","slug":"karaneige","status":"publish","type":"product","link":"https:\/\/wordpress-classroom.com\/cynthia\/produit\/karaneige\/","title":{"rendered":"karaneige"},"content":{"rendered":"<p>Le\u00a0<strong>bonbon Karaneige<\/strong>\u00a0du confiseur fran\u00e7ais\u00a0<strong>Verquin<\/strong>\u00a0ressemble \u00e0 de gros flocons de neige. Sa blancheur est due \u00e0 sa couche de sucre glace qui tapisse cette\u00a0<strong>boule de caramel<\/strong>. Ce\u00a0<a href=\"https:\/\/www.espace-bonbon.fr\/fr\/42-bonbons-caramels\"><strong>bonbon caramel<\/strong><\/a>\u00a0ravit les enfants de g\u00e9n\u00e9ration en g\u00e9n\u00e9ration. Son tendre m\u00e9lange de caramel et de sucre glace vous rappellera votre enfance et s\u00e9duira \u00e0 son tour votre prog\u00e9niture !<\/p>\n","protected":false},"excerpt":{"rendered":"<p>Le\u00a0bonbon Karaneige\u00a0du confiseur fran\u00e7ais\u00a0Verquin\u00a0ressemble \u00e0 de gros flocons de neige. Sa blancheur est due \u00e0 sa couche de sucre glace qui tapisse cette\u00a0boule de caramel. Ce\u00a0bonbon caramel\u00a0ravit les enfants de g\u00e9n\u00e9ration en g\u00e9n\u00e9ration. Son tendre m\u00e9lange de caramel et de sucre glace vous rappellera votre enfance et s\u00e9duira \u00e0 son tour votre prog\u00e9niture !<\/p>\n","protected":false},"featured_media":38,"comment_status":"open","ping_status":"closed","template":"","meta":[],"product_cat":[23],"product_tag":[],"class_list":["post-62","product","type-product","status-publish","has-post-thumbnail","hentry","product_cat-bonbons-anciens"],"_links":{"self":[{"href":"https:\/\/wordpress-classroom.com\/cynthia\/wp-json\/wp\/v2\/product\/62","targetHints":{"allow":["GET"]}}],"collection":[{"href":"https:\/\/wordpress-classroom.com\/cynthia\/wp-json\/wp\/v2\/product"}],"about":[{"href":"https:\/\/wordpress-classroom.com\/cynthia\/wp-json\/wp\/v2\/types\/product"}],"replies":[{"embeddable":true,"href":"https:\/\/wordpress-classroom.com\/cynthia\/wp-json\/wp\/v2\/comments?post=62"}],"wp:featuredmedia":[{"embeddable":true,"href":"https:\/\/wordpress-classroom.com\/cynthia\/wp-json\/wp\/v2\/media\/38"}],"wp:attachment":[{"href":"https:\/\/wordpress-classroom.com\/cynthia\/wp-json\/wp\/v2\/media?parent=62"}],"wp:term":[{"taxonomy":"product_cat","embeddable":true,"href":"https:\/\/wordpress-classroom.com\/cynthia\/wp-json\/wp\/v2\/product_cat?post=62"},{"taxonomy":"product_tag","embeddable":true,"href":"https:\/\/wordpress-classroom.com\/cynthia\/wp-json\/wp\/v2\/product_tag?post=62"}],"curies":[{"name":"wp","href":"https:\/\/api.w.org\/{rel}","templated":true}]}}