{"id":84,"date":"2023-06-22T12:21:12","date_gmt":"2023-06-22T10:21:12","guid":{"rendered":"https:\/\/wordpress-classroom.com\/cynthia\/?post_type=product&#038;p=84"},"modified":"2023-06-22T16:04:36","modified_gmt":"2023-06-22T14:04:36","slug":"kara-beurre-sale","status":"publish","type":"product","link":"https:\/\/wordpress-classroom.com\/cynthia\/produit\/kara-beurre-sale\/","title":{"rendered":"Kara beurre sal\u00e9"},"content":{"rendered":"<p class=\"product-section-title\">Description<\/p>\n<div class=\"rte\">\n<p><strong>Palet de caramel au beurre sal\u00e9<\/strong>\u00a0emball\u00e9 individuellement \u00e0 emporter partout avec vous et les d\u00e9guster selon votre gourmandise.<\/p>\n<p>Ces petits carr\u00e9s de caramels tendres au beurre sal\u00e9 de Gu\u00e9rande vont vous faire retomber en enfance !<\/p>\n<p>Ce\u00a0<strong>bonbon caramel authentique<\/strong>\u00a0est issu du confiseur fran\u00e7ais Dupont d&#8217;Isigny : un gage de qualit\u00e9 et de savoir-faire.<\/p>\n<\/div>\n","protected":false},"excerpt":{"rendered":"<p><strong>Ingr\u00e9dients\u00a0:<\/strong>\u00a0Sirop de glucose, sucre, beurre sal\u00e9 (9.3%), lait \u00e9cr\u00e9m\u00e9 en poudre, fleur de sel de Gu\u00e9rande (1%), dextrose, \u00e9mulsifiant: E471, colorant: E150a.<\/p>\n<p><strong>Conservation :<\/strong>\u00a0A\u00a0conserver\u00a0au frais et au sec.<\/p>\n<p><strong>Allerg\u00e8nes :<\/strong>\u00a0Traces \u00e9ventuelles de\u00a0<strong>fruits \u00e0 coque et de soja. Lait, beurre.<\/strong><\/p>\n<p><strong>Valeurs nutritionnelles :<\/strong>\u00a0Pour 100g: Energie 1683kJ\/398kcal, mati\u00e8res grasses 8.5g, dont acides gras satur\u00e9s 6g, glucides 78g, dont sucres 64g, prot\u00e9ines 2.5g, sel 1.1g.<\/p>\n","protected":false},"featured_media":86,"comment_status":"open","ping_status":"closed","template":"","meta":[],"product_cat":[22],"product_tag":[],"class_list":["post-84","product","type-product","status-publish","has-post-thumbnail","hentry","product_cat-caramels"],"_links":{"self":[{"href":"https:\/\/wordpress-classroom.com\/cynthia\/wp-json\/wp\/v2\/product\/84","targetHints":{"allow":["GET"]}}],"collection":[{"href":"https:\/\/wordpress-classroom.com\/cynthia\/wp-json\/wp\/v2\/product"}],"about":[{"href":"https:\/\/wordpress-classroom.com\/cynthia\/wp-json\/wp\/v2\/types\/product"}],"replies":[{"embeddable":true,"href":"https:\/\/wordpress-classroom.com\/cynthia\/wp-json\/wp\/v2\/comments?post=84"}],"wp:featuredmedia":[{"embeddable":true,"href":"https:\/\/wordpress-classroom.com\/cynthia\/wp-json\/wp\/v2\/media\/86"}],"wp:attachment":[{"href":"https:\/\/wordpress-classroom.com\/cynthia\/wp-json\/wp\/v2\/media?parent=84"}],"wp:term":[{"taxonomy":"product_cat","embeddable":true,"href":"https:\/\/wordpress-classroom.com\/cynthia\/wp-json\/wp\/v2\/product_cat?post=84"},{"taxonomy":"product_tag","embeddable":true,"href":"https:\/\/wordpress-classroom.com\/cynthia\/wp-json\/wp\/v2\/product_tag?post=84"}],"curies":[{"name":"wp","href":"https:\/\/api.w.org\/{rel}","templated":true}]}}