{"id":87,"date":"2023-06-22T14:23:03","date_gmt":"2023-06-22T12:23:03","guid":{"rendered":"https:\/\/wordpress-classroom.com\/cynthia\/?post_type=product&#038;p=87"},"modified":"2023-06-22T16:03:05","modified_gmt":"2023-06-22T14:03:05","slug":"chamallow-fruite","status":"publish","type":"product","link":"https:\/\/wordpress-classroom.com\/cynthia\/produit\/chamallow-fruite\/","title":{"rendered":"Chamallow fruit\u00e9"},"content":{"rendered":"<p>Chamallows aromatis\u00e9s aux fruits. Quatre parfums ont \u00e9t\u00e9 choisis : pomme, p\u00eache, fraise ou banane. Avec, en prime, une pointe d&#8217;acidit\u00e9, un go\u00fbt pl\u00e9biscit\u00e9 par les enfants.<\/p>\n","protected":false},"excerpt":{"rendered":"<p>Chamallows aromatis\u00e9s aux fruits. Quatre parfums ont \u00e9t\u00e9 choisis : pomme, p\u00eache, fraise ou banane. Avec, en prime, une pointe d&#8217;acidit\u00e9, un go\u00fbt pl\u00e9biscit\u00e9 par les enfants.<\/p>\n","protected":false},"featured_media":41,"comment_status":"open","ping_status":"closed","template":"","meta":[],"product_cat":[18],"product_tag":[],"class_list":["post-87","product","type-product","status-publish","has-post-thumbnail","hentry","product_cat-marshmallows"],"_links":{"self":[{"href":"https:\/\/wordpress-classroom.com\/cynthia\/wp-json\/wp\/v2\/product\/87","targetHints":{"allow":["GET"]}}],"collection":[{"href":"https:\/\/wordpress-classroom.com\/cynthia\/wp-json\/wp\/v2\/product"}],"about":[{"href":"https:\/\/wordpress-classroom.com\/cynthia\/wp-json\/wp\/v2\/types\/product"}],"replies":[{"embeddable":true,"href":"https:\/\/wordpress-classroom.com\/cynthia\/wp-json\/wp\/v2\/comments?post=87"}],"wp:featuredmedia":[{"embeddable":true,"href":"https:\/\/wordpress-classroom.com\/cynthia\/wp-json\/wp\/v2\/media\/41"}],"wp:attachment":[{"href":"https:\/\/wordpress-classroom.com\/cynthia\/wp-json\/wp\/v2\/media?parent=87"}],"wp:term":[{"taxonomy":"product_cat","embeddable":true,"href":"https:\/\/wordpress-classroom.com\/cynthia\/wp-json\/wp\/v2\/product_cat?post=87"},{"taxonomy":"product_tag","embeddable":true,"href":"https:\/\/wordpress-classroom.com\/cynthia\/wp-json\/wp\/v2\/product_tag?post=87"}],"curies":[{"name":"wp","href":"https:\/\/api.w.org\/{rel}","templated":true}]}}