{"id":2,"date":"2023-06-21T12:29:29","date_gmt":"2023-06-21T10:29:29","guid":{"rendered":"http:\/\/wordpress-classroom.com\/emmanuel\/?page_id=2"},"modified":"2023-07-02T12:48:29","modified_gmt":"2023-07-02T10:48:29","slug":"page-d-exemple","status":"publish","type":"page","link":"https:\/\/wordpress-classroom.com\/emmanuel\/","title":{"rendered":"Accueil"},"content":{"rendered":"\n<div class=\"wp-block-cover is-light\" style=\"min-height:673px;aspect-ratio:unset;\"><span aria-hidden=\"true\" class=\"wp-block-cover__background has-background-dim\"><\/span><img loading=\"lazy\" decoding=\"async\" width=\"868\" height=\"1024\" class=\"wp-block-cover__image-background wp-image-33\" alt=\"t-shirt femme vert\" src=\"https:\/\/wordpress-classroom.com\/emmanuel\/wp-content\/uploads\/2023\/06\/t-shirt-femme-vert-868x1024.jpg\" data-object-fit=\"cover\" srcset=\"https:\/\/wordpress-classroom.com\/emmanuel\/wp-content\/uploads\/2023\/06\/t-shirt-femme-vert-868x1024.jpg 868w, https:\/\/wordpress-classroom.com\/emmanuel\/wp-content\/uploads\/2023\/06\/t-shirt-femme-vert-416x491.jpg 416w, https:\/\/wordpress-classroom.com\/emmanuel\/wp-content\/uploads\/2023\/06\/t-shirt-femme-vert-254x300.jpg 254w, https:\/\/wordpress-classroom.com\/emmanuel\/wp-content\/uploads\/2023\/06\/t-shirt-femme-vert-768x906.jpg 768w, https:\/\/wordpress-classroom.com\/emmanuel\/wp-content\/uploads\/2023\/06\/t-shirt-femme-vert.jpg 1000w\" sizes=\"auto, (max-width: 868px) 100vw, 868px\" \/><div class=\"wp-block-cover__inner-container is-layout-flow wp-block-cover-is-layout-flow\">\n<p class=\"has-text-align-center\" style=\"font-size:60px\"><strong>Les v\u00eatements de demain<\/strong><\/p>\n\n\n\n<p class=\"has-text-align-center has-medium-font-size\">Boutique d&#8217;habillement<\/p>\n\n\n<div data-block-name=\"woocommerce\/featured-product\" data-edit-mode=\"false\" data-min-height=\"182\" data-product-id=\"32\" class=\"wc-block-featured-product alignnone has-background-dim wp-block-woocommerce-featured-product\" style=\"min-height:182px;\"><div class=\"wc-block-featured-product__wrapper\"><div class=\"background-dim__overlay\" style=\"background-color: #000000\"><\/div><img decoding=\"async\" alt=\"t-shirt vert femme\" class=\"wc-block-featured-product__background-image\" src=\"https:\/\/wordpress-classroom.com\/emmanuel\/wp-content\/uploads\/2023\/06\/t-shirt-femme-vert-868x1024.jpg\" style=\"object-fit: none;object-position: 50% 50%;\" \/><h2 class=\"wc-block-featured-product__title\">t-shirt vert femme<\/h2><div class=\"wc-block-featured-product__description\"><p>T-shirt femme vert<\/p>\n<p>&nbsp;<\/p>\n<\/div><div class=\"wc-block-featured-product__price\"><span class=\"woocommerce-Price-amount amount\">4,00&nbsp;<span class=\"woocommerce-Price-currencySymbol\">&euro;<\/span><\/span> &ndash; <span class=\"woocommerce-Price-amount amount\">6,00&nbsp;<span class=\"woocommerce-Price-currencySymbol\">&euro;<\/span><\/span><\/div><div class=\"wc-block-featured-product__link\">\n\n<div class=\"wp-block-buttons is-content-justification-center is-layout-flex wp-container-core-buttons-is-layout-16018d1d wp-block-buttons-is-layout-flex\">\n<div class=\"wp-block-button\"><a class=\"wp-block-button__link wp-element-button\" href=\"https:\/\/wordpress-classroom.com\/emmanuel\/produit\/t-shirt-vert-femme\/\">Acheter maintenant<\/a><\/div>\n<\/div>\n\n<\/div><\/div><\/div><\/div><\/div>\n\n\n\n<p><\/p>\n\n\n\n<p><\/p>\n\n\n\n<p class=\"has-text-align-center\" style=\"font-size:32px\">&#8221; l&#8217;avenir  des jeunes g\u00e9n\u00e9rations d\u00e9pend de nos achats&#8221;<\/p>\n\n\n\n<p><\/p>\n\n\n\n<p><\/p>\n\n\n\n<p class=\"has-light-green-cyan-background-color has-background has-medium-font-size\"><strong>Le T-shirt, une tendance \u00e0 la mode cet \u00e9t\u00e9<\/strong><\/p>\n\n\n\n<p class=\"has-large-font-size\">Nos coups de c\u0153ur :<\/p>\n\n\n\n<div class=\"wp-block-columns is-layout-flex wp-container-core-columns-is-layout-9d6595d7 wp-block-columns-is-layout-flex\">\n<div class=\"wp-block-column is-layout-flow wp-block-column-is-layout-flow\">\n<figure class=\"wp-block-image size-large\"><img loading=\"lazy\" decoding=\"async\" width=\"831\" height=\"1024\" src=\"https:\/\/wordpress-classroom.com\/emmanuel\/wp-content\/uploads\/2023\/06\/t-shirt-femme-831x1024.jpg\" alt=\"t-shirt femme blanc\" class=\"wp-image-58\" srcset=\"https:\/\/wordpress-classroom.com\/emmanuel\/wp-content\/uploads\/2023\/06\/t-shirt-femme-831x1024.jpg 831w, https:\/\/wordpress-classroom.com\/emmanuel\/wp-content\/uploads\/2023\/06\/t-shirt-femme-416x513.jpg 416w, https:\/\/wordpress-classroom.com\/emmanuel\/wp-content\/uploads\/2023\/06\/t-shirt-femme-243x300.jpg 243w, https:\/\/wordpress-classroom.com\/emmanuel\/wp-content\/uploads\/2023\/06\/t-shirt-femme-768x946.jpg 768w, https:\/\/wordpress-classroom.com\/emmanuel\/wp-content\/uploads\/2023\/06\/t-shirt-femme-1246x1536.jpg 1246w, https:\/\/wordpress-classroom.com\/emmanuel\/wp-content\/uploads\/2023\/06\/t-shirt-femme-1662x2048.jpg 1662w, https:\/\/wordpress-classroom.com\/emmanuel\/wp-content\/uploads\/2023\/06\/t-shirt-femme.jpg 1920w\" sizes=\"auto, (max-width: 831px) 100vw, 831px\" \/><\/figure>\n\n\n\n<p style=\"font-size:14px\"><strong>T-shirt femme blanc<\/strong><br><\/p>\n\n\n\n<p style=\"font-size:14px\">Opportunit\u00e9 exceptionnelle d&#8217;un habit qui refl\u00e8te \u00e0 la fois la complexit\u00e9 et la simplicit\u00e9 de la femme qui est en vous. Cet habit vous donnera une confiance in\u00e9galable. Opportunit\u00e9 rare ! <\/p>\n\n\n\n<p><a href=\"https:\/\/wordpress-classroom.com\/emmanuel\/produit\/t-shirt-blanc-pour-femme\/\">Voir le Produit<\/a><\/p>\n<\/div>\n\n\n\n<div class=\"wp-block-column is-layout-flow wp-block-column-is-layout-flow\">\n<div style=\"height:100px\" aria-hidden=\"true\" class=\"wp-block-spacer\"><\/div>\n\n\n\n<p style=\"font-size:14px\"><strong>T-shirt blanc homme<\/strong><br>Trop bien<\/p>\n\n\n\n<p>ce T-shirt est une cr\u00e9ation exceptionnelle du nouveau designer Alexandre Okkotawa. Il sera produit en seulement 4000 exemplaires . C&#8217;est donc une offre inattendue que nous vous proposons<\/p>\n\n\n\n<p><a href=\"https:\/\/wordpress-classroom.com\/emmanuel\/produit\/t-shirt-blanc-homme\/\">voir le produit<\/a><\/p>\n\n\n\n<figure class=\"wp-block-image size-full is-resized\"><img loading=\"lazy\" decoding=\"async\" src=\"https:\/\/wordpress-classroom.com\/emmanuel\/wp-content\/uploads\/2023\/06\/t-shirt-homme.jpg\" alt=\"T-shirt homme\" class=\"wp-image-29\" width=\"354\" height=\"265\" srcset=\"https:\/\/wordpress-classroom.com\/emmanuel\/wp-content\/uploads\/2023\/06\/t-shirt-homme.jpg 1024w, https:\/\/wordpress-classroom.com\/emmanuel\/wp-content\/uploads\/2023\/06\/t-shirt-homme-416x312.jpg 416w, https:\/\/wordpress-classroom.com\/emmanuel\/wp-content\/uploads\/2023\/06\/t-shirt-homme-300x225.jpg 300w, https:\/\/wordpress-classroom.com\/emmanuel\/wp-content\/uploads\/2023\/06\/t-shirt-homme-768x576.jpg 768w\" sizes=\"auto, (max-width: 354px) 100vw, 354px\" \/><\/figure>\n<\/div>\n<\/div>\n\n\n\n<p class=\"has-large-font-size\">Les promotions de la semaine : <\/p>\n\n\n\n<div class=\"wp-block-columns is-layout-flex wp-container-core-columns-is-layout-9d6595d7 wp-block-columns-is-layout-flex\">\n<div class=\"wp-block-column is-layout-flow wp-block-column-is-layout-flow\">\n<figure class=\"wp-block-image size-full is-resized\"><a href=\"https:\/\/wordpress-classroom.com\/emmanuel\/page-d-exemple\/t-shirt-homme-vert-1\/\"><img loading=\"lazy\" decoding=\"async\" src=\"https:\/\/wordpress-classroom.com\/emmanuel\/wp-content\/uploads\/2023\/06\/t-shirt-homme-vert-1.jpg\" alt=\"\" class=\"wp-image-59\" width=\"210\" height=\"210\" srcset=\"https:\/\/wordpress-classroom.com\/emmanuel\/wp-content\/uploads\/2023\/06\/t-shirt-homme-vert-1.jpg 225w, https:\/\/wordpress-classroom.com\/emmanuel\/wp-content\/uploads\/2023\/06\/t-shirt-homme-vert-1-100x100.jpg 100w, https:\/\/wordpress-classroom.com\/emmanuel\/wp-content\/uploads\/2023\/06\/t-shirt-homme-vert-1-150x150.jpg 150w\" sizes=\"auto, (max-width: 210px) 100vw, 210px\" \/><\/a><\/figure>\n\n\n\n<p><strong>T-shirt vert homme<\/strong><\/p>\n\n\n\n<p>promo 50%  <\/p>\n\n\n\n<p><a href=\"https:\/\/wordpress-classroom.com\/emmanuel\/produit\/t-shirt-homme-vert\/\">voir article<\/a><\/p>\n<\/div>\n\n\n\n<div class=\"wp-block-column is-layout-flow wp-block-column-is-layout-flow\">\n<figure class=\"wp-block-image size-large is-resized\"><img loading=\"lazy\" decoding=\"async\" src=\"https:\/\/wordpress-classroom.com\/emmanuel\/wp-content\/uploads\/2023\/06\/t-shirt-femme-vert-2-868x1024.jpg\" alt=\"\" class=\"wp-image-60\" width=\"210\" height=\"247\" srcset=\"https:\/\/wordpress-classroom.com\/emmanuel\/wp-content\/uploads\/2023\/06\/t-shirt-femme-vert-2-868x1024.jpg 868w, https:\/\/wordpress-classroom.com\/emmanuel\/wp-content\/uploads\/2023\/06\/t-shirt-femme-vert-2-416x491.jpg 416w, https:\/\/wordpress-classroom.com\/emmanuel\/wp-content\/uploads\/2023\/06\/t-shirt-femme-vert-2-254x300.jpg 254w, https:\/\/wordpress-classroom.com\/emmanuel\/wp-content\/uploads\/2023\/06\/t-shirt-femme-vert-2-768x906.jpg 768w, https:\/\/wordpress-classroom.com\/emmanuel\/wp-content\/uploads\/2023\/06\/t-shirt-femme-vert-2.jpg 1000w\" sizes=\"auto, (max-width: 210px) 100vw, 210px\" \/><\/figure>\n\n\n\n<p><strong>T-shirt vert femme<\/strong><\/p>\n\n\n\n<p>promo 50%<\/p>\n\n\n\n<p><a href=\"https:\/\/wordpress-classroom.com\/emmanuel\/produit\/t-shirt-vert-femme\/\">voir article<\/a><\/p>\n<\/div>\n\n\n\n<div class=\"wp-block-column is-layout-flow wp-block-column-is-layout-flow\">\n<figure class=\"wp-block-image size-large\"><img loading=\"lazy\" decoding=\"async\" width=\"831\" height=\"1024\" src=\"https:\/\/wordpress-classroom.com\/emmanuel\/wp-content\/uploads\/2023\/06\/t-shirt-femme-1-831x1024.jpg\" alt=\"\" class=\"wp-image-62\" srcset=\"https:\/\/wordpress-classroom.com\/emmanuel\/wp-content\/uploads\/2023\/06\/t-shirt-femme-1-831x1024.jpg 831w, https:\/\/wordpress-classroom.com\/emmanuel\/wp-content\/uploads\/2023\/06\/t-shirt-femme-1-416x513.jpg 416w, https:\/\/wordpress-classroom.com\/emmanuel\/wp-content\/uploads\/2023\/06\/t-shirt-femme-1-243x300.jpg 243w, https:\/\/wordpress-classroom.com\/emmanuel\/wp-content\/uploads\/2023\/06\/t-shirt-femme-1-768x946.jpg 768w, https:\/\/wordpress-classroom.com\/emmanuel\/wp-content\/uploads\/2023\/06\/t-shirt-femme-1-1246x1536.jpg 1246w, https:\/\/wordpress-classroom.com\/emmanuel\/wp-content\/uploads\/2023\/06\/t-shirt-femme-1-1662x2048.jpg 1662w, https:\/\/wordpress-classroom.com\/emmanuel\/wp-content\/uploads\/2023\/06\/t-shirt-femme-1.jpg 1920w\" sizes=\"auto, (max-width: 831px) 100vw, 831px\" \/><\/figure>\n\n\n\n<p><strong>T-shirt blanc femme<\/strong><\/p>\n\n\n\n<p>promo 50%<\/p>\n\n\n\n<p><a href=\"https:\/\/wordpress-classroom.com\/emmanuel\/produit\/t-shirt-blanc-pour-femme\/\" target=\"_blank\" rel=\"noreferrer noopener\">voir article<\/a><\/p>\n<\/div>\n<\/div>\n\n\n\n<div class=\"wp-block-cover is-light\" style=\"letter-spacing:3px;min-height:318px;aspect-ratio:unset;\"><span aria-hidden=\"true\" class=\"wp-block-cover__background has-light-green-cyan-background-color has-background-dim-100 has-background-dim\"><\/span><div class=\"wp-block-cover__inner-container is-layout-flow wp-block-cover-is-layout-flow\">\n<p class=\"has-text-align-center has-huge-font-size\">&#8220;Sensibilisons les jeunes \u00e0 acheter plus pour consommer plus&#8221;<\/p>\n<\/div><\/div>\n\n\n\n<p><\/p>\n\n\n\n<div class=\"wp-block-columns is-layout-flex wp-container-core-columns-is-layout-9d6595d7 wp-block-columns-is-layout-flex\">\n<div class=\"wp-block-column is-layout-flow wp-block-column-is-layout-flow\">\n<h2 class=\"wp-block-heading\">le T-shirt, une tendance \u00e0 la mode cet \u00e9t\u00e9<\/h2>\n\n\n\n<p><\/p>\n\n\n\n<p>le T-shirt est vraiment un habit de l&#8217;\u00e9t\u00e9. Cet \u00e9t\u00e9, il sera port\u00e9 par des millions de personnes. Les T-shirts sont habituellement confortables. <\/p>\n\n\n\n<p>Sensibilisons les jeunes \u00e0 acheter plus de T-shirt<\/p>\n\n\n\n<p><a href=\"https:\/\/wordpress-classroom.com\/emmanuel\/2023\/06\/23\/le-t-shirt-une-tendance-a-la-mode-cet-ete\/\" data-type=\"URL\" data-id=\"https:\/\/wordpress-classroom.com\/emmanuel\/2023\/06\/23\/le-t-shirt-une-tendance-a-la-mode-cet-ete\/\" target=\"_blank\" rel=\"noreferrer noopener\">lire la suite<\/a><\/p>\n<\/div>\n\n\n\n<div class=\"wp-block-column is-layout-flow wp-block-column-is-layout-flow\">\n<figure class=\"wp-block-image size-full is-resized\"><img loading=\"lazy\" decoding=\"async\" src=\"https:\/\/wordpress-classroom.com\/emmanuel\/wp-content\/uploads\/2023\/06\/t-shirt-jaune-femme.jpg\" alt=\"t-shirt jaune\" class=\"wp-image-79\" width=\"360\" height=\"360\" srcset=\"https:\/\/wordpress-classroom.com\/emmanuel\/wp-content\/uploads\/2023\/06\/t-shirt-jaune-femme.jpg 225w, https:\/\/wordpress-classroom.com\/emmanuel\/wp-content\/uploads\/2023\/06\/t-shirt-jaune-femme-100x100.jpg 100w, https:\/\/wordpress-classroom.com\/emmanuel\/wp-content\/uploads\/2023\/06\/t-shirt-jaune-femme-150x150.jpg 150w\" sizes=\"auto, (max-width: 360px) 100vw, 360px\" \/><\/figure>\n<\/div>\n<\/div>\n\n\n\n<div class=\"wp-block-columns is-layout-flex wp-container-core-columns-is-layout-9d6595d7 wp-block-columns-is-layout-flex\">\n<div class=\"wp-block-column is-layout-flow wp-block-column-is-layout-flow\">\n<figure class=\"wp-block-image size-full is-resized\"><img loading=\"lazy\" decoding=\"async\" src=\"https:\/\/wordpress-classroom.com\/emmanuel\/wp-content\/uploads\/2023\/06\/t-shirt-homme-vert-1.jpg\" alt=\"\" class=\"wp-image-59\" width=\"357\" height=\"357\" srcset=\"https:\/\/wordpress-classroom.com\/emmanuel\/wp-content\/uploads\/2023\/06\/t-shirt-homme-vert-1.jpg 225w, https:\/\/wordpress-classroom.com\/emmanuel\/wp-content\/uploads\/2023\/06\/t-shirt-homme-vert-1-100x100.jpg 100w, https:\/\/wordpress-classroom.com\/emmanuel\/wp-content\/uploads\/2023\/06\/t-shirt-homme-vert-1-150x150.jpg 150w\" sizes=\"auto, (max-width: 357px) 100vw, 357px\" \/><\/figure>\n<\/div>\n\n\n\n<div class=\"wp-block-column is-layout-flow wp-block-column-is-layout-flow\">\n<h2 class=\"wp-block-heading\">La qualit\u00e9, un argument essentiel \u00e0 notre marque<\/h2>\n\n\n\n<p> Nos v\u00eatements ont l\u2019habitude de gratter. Ils sont aussi de tr\u00e8s mauvaises qualit\u00e9s. Ils ont \u00e9t\u00e9 fait dans des conditions d\u00e9plorables et ne respectent aucunement les conditions de fabrication environnementales.<\/p>\n\n\n\n<p>Notre politique est de gagner plus d\u2019argent.<\/p>\n\n\n\n<p><a href=\"https:\/\/wordpress-classroom.com\/emmanuel\/2023\/06\/23\/la-qualite-un-argument-essentiel-a-notre-marque\/\" target=\"_blank\" rel=\"noreferrer noopener\">lire a suite<\/a><\/p>\n<\/div>\n<\/div>\n","protected":false},"excerpt":{"rendered":"<p>&#8221; l&#8217;avenir des jeunes g\u00e9n\u00e9rations d\u00e9pend de nos achats&#8221; Le T-shirt, une tendance \u00e0 la mode cet \u00e9t\u00e9 Nos coups de c\u0153ur : T-shirt femme blanc Opportunit\u00e9 exceptionnelle d&#8217;un habit qui refl\u00e8te \u00e0 la fois la complexit\u00e9 et la simplicit\u00e9 de la femme qui est en vous. Cet habit vous donnera une confiance in\u00e9galable. Opportunit\u00e9 [&hellip;]<\/p>\n","protected":false},"author":1,"featured_media":0,"parent":0,"menu_order":0,"comment_status":"closed","ping_status":"open","template":"","meta":{"footnotes":""},"class_list":["post-2","page","type-page","status-publish","hentry"],"_links":{"self":[{"href":"https:\/\/wordpress-classroom.com\/emmanuel\/wp-json\/wp\/v2\/pages\/2","targetHints":{"allow":["GET"]}}],"collection":[{"href":"https:\/\/wordpress-classroom.com\/emmanuel\/wp-json\/wp\/v2\/pages"}],"about":[{"href":"https:\/\/wordpress-classroom.com\/emmanuel\/wp-json\/wp\/v2\/types\/page"}],"author":[{"embeddable":true,"href":"https:\/\/wordpress-classroom.com\/emmanuel\/wp-json\/wp\/v2\/users\/1"}],"replies":[{"embeddable":true,"href":"https:\/\/wordpress-classroom.com\/emmanuel\/wp-json\/wp\/v2\/comments?post=2"}],"version-history":[{"count":17,"href":"https:\/\/wordpress-classroom.com\/emmanuel\/wp-json\/wp\/v2\/pages\/2\/revisions"}],"predecessor-version":[{"id":115,"href":"https:\/\/wordpress-classroom.com\/emmanuel\/wp-json\/wp\/v2\/pages\/2\/revisions\/115"}],"wp:attachment":[{"href":"https:\/\/wordpress-classroom.com\/emmanuel\/wp-json\/wp\/v2\/media?parent=2"}],"curies":[{"name":"wp","href":"https:\/\/api.w.org\/{rel}","templated":true}]}}