{"id":32,"date":"2023-06-22T09:40:40","date_gmt":"2023-06-22T07:40:40","guid":{"rendered":"https:\/\/wordpress-classroom.com\/emmanuel\/?post_type=product&#038;p=32"},"modified":"2023-06-22T11:11:36","modified_gmt":"2023-06-22T09:11:36","slug":"t-shirt-vert-femme","status":"publish","type":"product","link":"https:\/\/wordpress-classroom.com\/emmanuel\/produit\/t-shirt-vert-femme\/","title":{"rendered":"t-shirt vert femme"},"content":{"rendered":"<p>T-shirt femme vert, id\u00e9al pour ressembler \u00e0 une jardini\u00e8re. Pas confortable. Mauvaise qualit\u00e9.<\/p>\n<p>&nbsp;<\/p>\n","protected":false},"excerpt":{"rendered":"<p>T-shirt femme vert<\/p>\n<p>&nbsp;<\/p>\n","protected":false},"featured_media":33,"comment_status":"open","ping_status":"closed","template":"","meta":[],"product_cat":[18],"product_tag":[26,19,22],"class_list":["post-32","product","type-product","status-publish","has-post-thumbnail","hentry","product_cat-vetements-femmes","product_tag-femme","product_tag-t-shirt","product_tag-vert"],"_links":{"self":[{"href":"https:\/\/wordpress-classroom.com\/emmanuel\/wp-json\/wp\/v2\/product\/32","targetHints":{"allow":["GET"]}}],"collection":[{"href":"https:\/\/wordpress-classroom.com\/emmanuel\/wp-json\/wp\/v2\/product"}],"about":[{"href":"https:\/\/wordpress-classroom.com\/emmanuel\/wp-json\/wp\/v2\/types\/product"}],"replies":[{"embeddable":true,"href":"https:\/\/wordpress-classroom.com\/emmanuel\/wp-json\/wp\/v2\/comments?post=32"}],"wp:featuredmedia":[{"embeddable":true,"href":"https:\/\/wordpress-classroom.com\/emmanuel\/wp-json\/wp\/v2\/media\/33"}],"wp:attachment":[{"href":"https:\/\/wordpress-classroom.com\/emmanuel\/wp-json\/wp\/v2\/media?parent=32"}],"wp:term":[{"taxonomy":"product_cat","embeddable":true,"href":"https:\/\/wordpress-classroom.com\/emmanuel\/wp-json\/wp\/v2\/product_cat?post=32"},{"taxonomy":"product_tag","embeddable":true,"href":"https:\/\/wordpress-classroom.com\/emmanuel\/wp-json\/wp\/v2\/product_tag?post=32"}],"curies":[{"name":"wp","href":"https:\/\/api.w.org\/{rel}","templated":true}]}}