{"id":37,"date":"2023-06-21T16:30:07","date_gmt":"2023-06-21T14:30:07","guid":{"rendered":"https:\/\/wordpress-classroom.com\/maxime\/?post_type=product&#038;p=37"},"modified":"2023-06-22T14:30:20","modified_gmt":"2023-06-22T12:30:20","slug":"roussette-de-savoie","status":"publish","type":"product","link":"https:\/\/wordpress-classroom.com\/maxime\/produit\/roussette-de-savoie\/","title":{"rendered":"Roussette Domaine Eug\u00e8ne Carrel 2021"},"content":{"rendered":"<p>Complexe et g\u00e9n\u00e9reux, ce\u00a0<a class=\"maillage\" href=\"https:\/\/www.vinatis.com\/achat-vin-blanc\">blanc<\/a>\u00a0de Savoie, offre des ar\u00f4mes de fleurs blanches et de p\u00eaches ainsi qu\u2019une bouche \u00e9pic\u00e9e qui se termine par une finale de fruits compot\u00e9s. Un vin de copains id\u00e9al pour l\u2019ap\u00e9ritif ou sur des poissons en sauce !<\/p>\n","protected":false},"excerpt":{"rendered":"<p><strong class=\"accroche text-bold taille-sm\">Cette Roussette de Savoie a \u00e9t\u00e9 un COUP DE C\u0152UR pour nos experts ! Un excellent rapport qualit\u00e9\/prix en Savoie !<\/strong><\/p>\n","protected":false},"featured_media":111,"comment_status":"open","ping_status":"closed","template":"","meta":[],"product_cat":[18,25],"product_tag":[],"class_list":["post-37","product","type-product","status-publish","has-post-thumbnail","hentry","product_cat-rhone-alpes","product_cat-vins-blancs"],"_links":{"self":[{"href":"https:\/\/wordpress-classroom.com\/maxime\/wp-json\/wp\/v2\/product\/37","targetHints":{"allow":["GET"]}}],"collection":[{"href":"https:\/\/wordpress-classroom.com\/maxime\/wp-json\/wp\/v2\/product"}],"about":[{"href":"https:\/\/wordpress-classroom.com\/maxime\/wp-json\/wp\/v2\/types\/product"}],"replies":[{"embeddable":true,"href":"https:\/\/wordpress-classroom.com\/maxime\/wp-json\/wp\/v2\/comments?post=37"}],"wp:featuredmedia":[{"embeddable":true,"href":"https:\/\/wordpress-classroom.com\/maxime\/wp-json\/wp\/v2\/media\/111"}],"wp:attachment":[{"href":"https:\/\/wordpress-classroom.com\/maxime\/wp-json\/wp\/v2\/media?parent=37"}],"wp:term":[{"taxonomy":"product_cat","embeddable":true,"href":"https:\/\/wordpress-classroom.com\/maxime\/wp-json\/wp\/v2\/product_cat?post=37"},{"taxonomy":"product_tag","embeddable":true,"href":"https:\/\/wordpress-classroom.com\/maxime\/wp-json\/wp\/v2\/product_tag?post=37"}],"curies":[{"name":"wp","href":"https:\/\/api.w.org\/{rel}","templated":true}]}}