{"id":39,"date":"2023-06-21T16:51:04","date_gmt":"2023-06-21T14:51:04","guid":{"rendered":"https:\/\/wordpress-classroom.com\/maxime\/?post_type=product&#038;p=39"},"modified":"2023-06-22T15:39:51","modified_gmt":"2023-06-22T13:39:51","slug":"pomerol","status":"publish","type":"product","link":"https:\/\/wordpress-classroom.com\/maxime\/produit\/pomerol\/","title":{"rendered":"Pomerol &#8211; Ch\u00e2teau Montviel 2018"},"content":{"rendered":"<p>Ce Ch\u00e2teau Montviel 2018 est une beaut\u00e9 \u00e0 la robe rubis profonde. Il offre un bouquet magnifique de cassis, de cerises noires et d&#8217;ar\u00f4mes floraux. Dans un style moderne, il offre la finesse et l&#8217;\u00e9l\u00e9gance d&#8217;un Pomerol avec une bouche au fruit intense, de la fra\u00eecheur, des tanins velout\u00e9s et une longueur exceptionnelle. Un vin magnifique qui se conservera pendant plus de 15 ans!<\/p>\n","protected":false},"excerpt":{"rendered":"<p><strong class=\"accroche text-bold taille-sm\">Un Pomerol d&#8217;ores et d\u00e9j\u00e0 diablement savoureux, dont on se r\u00e9galera tr\u00e8s longtemps<\/strong><\/p>\n","protected":false},"featured_media":135,"comment_status":"open","ping_status":"closed","template":"","meta":[],"product_cat":[22,24],"product_tag":[],"class_list":["post-39","product","type-product","status-publish","has-post-thumbnail","hentry","product_cat-bordeaux","product_cat-vins-rouges"],"_links":{"self":[{"href":"https:\/\/wordpress-classroom.com\/maxime\/wp-json\/wp\/v2\/product\/39","targetHints":{"allow":["GET"]}}],"collection":[{"href":"https:\/\/wordpress-classroom.com\/maxime\/wp-json\/wp\/v2\/product"}],"about":[{"href":"https:\/\/wordpress-classroom.com\/maxime\/wp-json\/wp\/v2\/types\/product"}],"replies":[{"embeddable":true,"href":"https:\/\/wordpress-classroom.com\/maxime\/wp-json\/wp\/v2\/comments?post=39"}],"wp:featuredmedia":[{"embeddable":true,"href":"https:\/\/wordpress-classroom.com\/maxime\/wp-json\/wp\/v2\/media\/135"}],"wp:attachment":[{"href":"https:\/\/wordpress-classroom.com\/maxime\/wp-json\/wp\/v2\/media?parent=39"}],"wp:term":[{"taxonomy":"product_cat","embeddable":true,"href":"https:\/\/wordpress-classroom.com\/maxime\/wp-json\/wp\/v2\/product_cat?post=39"},{"taxonomy":"product_tag","embeddable":true,"href":"https:\/\/wordpress-classroom.com\/maxime\/wp-json\/wp\/v2\/product_tag?post=39"}],"curies":[{"name":"wp","href":"https:\/\/api.w.org\/{rel}","templated":true}]}}