{"id":42,"date":"2023-06-21T16:58:23","date_gmt":"2023-06-21T14:58:23","guid":{"rendered":"https:\/\/wordpress-classroom.com\/maxime\/?post_type=product&#038;p=42"},"modified":"2023-06-22T10:52:21","modified_gmt":"2023-06-22T08:52:21","slug":"rose-sainte-croix","status":"publish","type":"product","link":"https:\/\/wordpress-classroom.com\/maxime\/produit\/rose-sainte-croix\/","title":{"rendered":"Ros\u00e9 Sainte Croix 2022"},"content":{"rendered":"<div class=\"col-xs-12 col-sm-8 col-md-8 col-lg-8 no-padding-left padding-right-30\">\n<div id=\"description_courte\" class=\"clearfix margin-top-5\">\n<div id=\"description_courte_content\" class=\"rte align_justify\">\n<div class=\"no-margin text-justify taille-xs\">Ce ros\u00e9 100% fraicheur, fruit\u00e9, et tout en l\u00e9g\u00e8ret\u00e9 ravira vos papilles&#8230; Voici un vin de Provence sympathique, qui se partagera en toutes occasions. Un vin de soleil et de plaisir imm\u00e9diat, bien \u00e9quilibr\u00e9, rond et sans acidit\u00e9, pour un rapport qualit\u00e9-prix irr\u00e9prochable. Une valeur s\u00fbre qui fera sensation !<\/div>\n<\/div>\n<div><\/div>\n<\/div>\n<\/div>\n<div class=\"col-xs-12 col-md-4\">\n<div class=\"row\">\n<div class=\"no-padding col-xs-12 col-md-12 col-lg-12 pull-right\">\n<div class=\"table-css-stacked-xs table-css-stacked-md table-css-stacked-lg table-block\">\n<div class=\"table-row-css\">\n<div class=\"table-cell-css vertical-align-middle text-center text-align-left height-auto bg-gray-lighter\">\n<form id=\"buy_block\" class=\"height-pourcent-92 no-margin\" action=\"https:\/\/www.vinatis.com\/panier\" method=\"post\">\n<div class=\"price full-width full-height table-css\">\n<div class=\"affiche-prix full-height full-width vertical-align-bottom padding-left-10 table-cell-css\"><\/div>\n<\/div>\n<\/form>\n<\/div>\n<\/div>\n<\/div>\n<\/div>\n<\/div>\n<\/div>\n","protected":false},"excerpt":{"rendered":"<p><strong class=\"accroche text-bold taille-sm\">D\u00e9gust\u00e9 et approuv\u00e9, ce ros\u00e9 de Provence \u00e0 petit prix a vraiment tout pour plaire !<\/strong><\/p>\n","protected":false},"featured_media":43,"comment_status":"open","ping_status":"closed","template":"","meta":[],"product_cat":[18,26],"product_tag":[],"class_list":["post-42","product","type-product","status-publish","has-post-thumbnail","hentry","product_cat-rhone-alpes","product_cat-vins-roses"],"_links":{"self":[{"href":"https:\/\/wordpress-classroom.com\/maxime\/wp-json\/wp\/v2\/product\/42","targetHints":{"allow":["GET"]}}],"collection":[{"href":"https:\/\/wordpress-classroom.com\/maxime\/wp-json\/wp\/v2\/product"}],"about":[{"href":"https:\/\/wordpress-classroom.com\/maxime\/wp-json\/wp\/v2\/types\/product"}],"replies":[{"embeddable":true,"href":"https:\/\/wordpress-classroom.com\/maxime\/wp-json\/wp\/v2\/comments?post=42"}],"wp:featuredmedia":[{"embeddable":true,"href":"https:\/\/wordpress-classroom.com\/maxime\/wp-json\/wp\/v2\/media\/43"}],"wp:attachment":[{"href":"https:\/\/wordpress-classroom.com\/maxime\/wp-json\/wp\/v2\/media?parent=42"}],"wp:term":[{"taxonomy":"product_cat","embeddable":true,"href":"https:\/\/wordpress-classroom.com\/maxime\/wp-json\/wp\/v2\/product_cat?post=42"},{"taxonomy":"product_tag","embeddable":true,"href":"https:\/\/wordpress-classroom.com\/maxime\/wp-json\/wp\/v2\/product_tag?post=42"}],"curies":[{"name":"wp","href":"https:\/\/api.w.org\/{rel}","templated":true}]}}