{"id":51,"date":"2023-06-22T09:23:20","date_gmt":"2023-06-22T07:23:20","guid":{"rendered":"https:\/\/wordpress-classroom.com\/maxime\/?post_type=product&#038;p=51"},"modified":"2023-06-22T10:40:44","modified_gmt":"2023-06-22T08:40:44","slug":"terrasses-du-larzac-les-animaux-2020","status":"publish","type":"product","link":"https:\/\/wordpress-classroom.com\/maxime\/produit\/terrasses-du-larzac-les-animaux-2020\/","title":{"rendered":"Terrasses du Larzac &#8211; Les animaux 2020"},"content":{"rendered":"<div class=\"clearfix margin-top-5\">Un Terrasse du Larzac qui jouie d&#8217;une situation g\u00e9ographique particuli\u00e8re avec des amplitudes thermiques favorisant une maturation lente b\u00e9n\u00e9fique pour la complexit\u00e9 aromatique et la fra\u00eecheur des vins. Un faible rendement pour une qualit\u00e9 optimale! Complexe et g\u00e9n\u00e9reux avec des tanins pr\u00e9sents mais soyeux. Ce flacon va vous surprendre par son \u00e9quilibre !<\/div>\n","protected":false},"excerpt":{"rendered":"<p><strong class=\"accroche text-bold taille-sm\">Moderne, rond et textur\u00e9, ce Terrasse du\u00a0Larzac\u00a0m\u00e9daill\u00e9 impressionne par son rapport qualit\u00e9 prix !<\/strong><\/p>\n","protected":false},"featured_media":52,"comment_status":"open","ping_status":"closed","template":"","meta":[],"product_cat":[23,24],"product_tag":[],"class_list":["post-51","product","type-product","status-publish","has-post-thumbnail","hentry","product_cat-languedoc","product_cat-vins-rouges"],"_links":{"self":[{"href":"https:\/\/wordpress-classroom.com\/maxime\/wp-json\/wp\/v2\/product\/51","targetHints":{"allow":["GET"]}}],"collection":[{"href":"https:\/\/wordpress-classroom.com\/maxime\/wp-json\/wp\/v2\/product"}],"about":[{"href":"https:\/\/wordpress-classroom.com\/maxime\/wp-json\/wp\/v2\/types\/product"}],"replies":[{"embeddable":true,"href":"https:\/\/wordpress-classroom.com\/maxime\/wp-json\/wp\/v2\/comments?post=51"}],"wp:featuredmedia":[{"embeddable":true,"href":"https:\/\/wordpress-classroom.com\/maxime\/wp-json\/wp\/v2\/media\/52"}],"wp:attachment":[{"href":"https:\/\/wordpress-classroom.com\/maxime\/wp-json\/wp\/v2\/media?parent=51"}],"wp:term":[{"taxonomy":"product_cat","embeddable":true,"href":"https:\/\/wordpress-classroom.com\/maxime\/wp-json\/wp\/v2\/product_cat?post=51"},{"taxonomy":"product_tag","embeddable":true,"href":"https:\/\/wordpress-classroom.com\/maxime\/wp-json\/wp\/v2\/product_tag?post=51"}],"curies":[{"name":"wp","href":"https:\/\/api.w.org\/{rel}","templated":true}]}}