{"id":72,"date":"2023-06-22T10:38:56","date_gmt":"2023-06-22T08:38:56","guid":{"rendered":"https:\/\/wordpress-classroom.com\/maxime\/?post_type=product&#038;p=72"},"modified":"2023-06-22T15:12:13","modified_gmt":"2023-06-22T13:12:13","slug":"champagne-nicolas-feuillatte-reserve-exclusive-brut","status":"publish","type":"product","link":"https:\/\/wordpress-classroom.com\/maxime\/produit\/champagne-nicolas-feuillatte-reserve-exclusive-brut\/","title":{"rendered":"Champagne Nicolas Feuillatte &#8211; R\u00e9serve exclusive Brut"},"content":{"rendered":"<p>Cuv\u00e9e embl\u00e9matique, la R\u00e9serve Exclusive\u00a0Brut\u00a0incarne \u00e0 merveille le style Nicolas Feuillatte. Couvrant l\u2019appellation, la R\u00e9serve Exclusive Brut r\u00e9unit tous les territoires de la Champagne et t\u00e9moigne d\u2019une habile synth\u00e8se : c\u2019est un Champagne a\u00e9rien, dynamique et frais, au fruit franc, expressif, anim\u00e9 d\u2019une belle maturit\u00e9 gr\u00e2ce \u00e0 un vieillissement prolong\u00e9 en cave lui permettant de parfaire sa saveur et sa consistance. Les notes de poire juteuse et d\u2019abricot croquant se m\u00ealent dans une jolie fusion autour d\u2019une bulle fine, et se r\u00e9v\u00e8lent au travers du temps. Simple dans sa complexit\u00e9, d\u00e9salt\u00e9rant, primesautier, il sonne le temps des accords composites, autour de tapas \u00e0 l\u2019ap\u00e9ritif, incarnant \u00e0 merveille \u201cl\u2019esprit Champagne\u201d.<\/p>\n","protected":false},"excerpt":{"rendered":"<p><strong class=\"accroche text-bold taille-sm\">La cuv\u00e9e parfaite pour accompagner vos moments de f\u00eate ! Une grande puret\u00e9, une belle\u00a0palette\u00a0aromatique et une jolie complexit\u00e9, que demander de plus ?<\/strong><\/p>\n","protected":false},"featured_media":73,"comment_status":"open","ping_status":"closed","template":"","meta":[],"product_cat":[29,27],"product_tag":[],"class_list":["post-72","product","type-product","status-publish","has-post-thumbnail","hentry","product_cat-champagne","product_cat-vins-petillants"],"_links":{"self":[{"href":"https:\/\/wordpress-classroom.com\/maxime\/wp-json\/wp\/v2\/product\/72","targetHints":{"allow":["GET"]}}],"collection":[{"href":"https:\/\/wordpress-classroom.com\/maxime\/wp-json\/wp\/v2\/product"}],"about":[{"href":"https:\/\/wordpress-classroom.com\/maxime\/wp-json\/wp\/v2\/types\/product"}],"replies":[{"embeddable":true,"href":"https:\/\/wordpress-classroom.com\/maxime\/wp-json\/wp\/v2\/comments?post=72"}],"wp:featuredmedia":[{"embeddable":true,"href":"https:\/\/wordpress-classroom.com\/maxime\/wp-json\/wp\/v2\/media\/73"}],"wp:attachment":[{"href":"https:\/\/wordpress-classroom.com\/maxime\/wp-json\/wp\/v2\/media?parent=72"}],"wp:term":[{"taxonomy":"product_cat","embeddable":true,"href":"https:\/\/wordpress-classroom.com\/maxime\/wp-json\/wp\/v2\/product_cat?post=72"},{"taxonomy":"product_tag","embeddable":true,"href":"https:\/\/wordpress-classroom.com\/maxime\/wp-json\/wp\/v2\/product_tag?post=72"}],"curies":[{"name":"wp","href":"https:\/\/api.w.org\/{rel}","templated":true}]}}